{"id":2511,"date":"2024-04-10T13:33:06","date_gmt":"2024-04-10T19:33:06","guid":{"rendered":"https:\/\/piscinasluxart.com\/?page_id=2511"},"modified":"2024-04-11T13:01:26","modified_gmt":"2024-04-11T19:01:26","slug":"servicios-tecnicos-para-piscinas","status":"publish","type":"page","link":"https:\/\/piscinasluxart.com\/en\/servicios\/servicios-tecnicos-para-piscinas\/","title":{"rendered":"Servicios t\u00e9cnicos para piscinas"},"content":{"rendered":"","protected":false},"excerpt":{"rendered":"<p>Le brindamos nuestro servicio de asesor\u00eda en el dise\u00f1o arquitect\u00f3nico, estructural y mec\u00e1nico de sus proyectos de piscina, fuentes, espejos de agua, cascadas toboganes de agua entre otros.<\/p>","protected":false},"author":1,"featured_media":0,"parent":2293,"menu_order":0,"comment_status":"closed","ping_status":"closed","template":"template-elementor-parallax.php","meta":{"_acf_changed":false,"footnotes":""},"class_list":["post-2511","page","type-page","status-publish","hentry"],"acf":[],"_links":{"self":[{"href":"https:\/\/piscinasluxart.com\/en\/wp-json\/wp\/v2\/pages\/2511","targetHints":{"allow":["GET"]}}],"collection":[{"href":"https:\/\/piscinasluxart.com\/en\/wp-json\/wp\/v2\/pages"}],"about":[{"href":"https:\/\/piscinasluxart.com\/en\/wp-json\/wp\/v2\/types\/page"}],"author":[{"embeddable":true,"href":"https:\/\/piscinasluxart.com\/en\/wp-json\/wp\/v2\/users\/1"}],"replies":[{"embeddable":true,"href":"https:\/\/piscinasluxart.com\/en\/wp-json\/wp\/v2\/comments?post=2511"}],"version-history":[{"count":3,"href":"https:\/\/piscinasluxart.com\/en\/wp-json\/wp\/v2\/pages\/2511\/revisions"}],"predecessor-version":[{"id":2933,"href":"https:\/\/piscinasluxart.com\/en\/wp-json\/wp\/v2\/pages\/2511\/revisions\/2933"}],"up":[{"embeddable":true,"href":"https:\/\/piscinasluxart.com\/en\/wp-json\/wp\/v2\/pages\/2293"}],"wp:attachment":[{"href":"https:\/\/piscinasluxart.com\/en\/wp-json\/wp\/v2\/media?parent=2511"}],"curies":[{"name":"wp","href":"https:\/\/api.w.org\/{rel}","templated":true}]}}