{"id":2508,"date":"2024-04-10T13:32:13","date_gmt":"2024-04-10T19:32:13","guid":{"rendered":"https:\/\/piscinasluxart.com\/?page_id=2508"},"modified":"2024-04-11T13:03:42","modified_gmt":"2024-04-11T19:03:42","slug":"venta-de-productos-para-piscinas","status":"publish","type":"page","link":"https:\/\/piscinasluxart.com\/en\/servicios\/venta-de-productos-para-piscinas\/","title":{"rendered":"Venta de productos para piscinas"},"content":{"rendered":"","protected":false},"excerpt":{"rendered":"<p>Le brindamos nuestro servicio de asesor\u00eda en el dise\u00f1o arquitect\u00f3nico, estructural y mec\u00e1nico de sus proyectos de piscina, fuentes, espejos de agua, cascadas toboganes de agua entre otros.<\/p>","protected":false},"author":1,"featured_media":0,"parent":2293,"menu_order":0,"comment_status":"closed","ping_status":"closed","template":"template-elementor-parallax.php","meta":{"_acf_changed":false,"footnotes":""},"class_list":["post-2508","page","type-page","status-publish","hentry"],"acf":[],"_links":{"self":[{"href":"https:\/\/piscinasluxart.com\/en\/wp-json\/wp\/v2\/pages\/2508","targetHints":{"allow":["GET"]}}],"collection":[{"href":"https:\/\/piscinasluxart.com\/en\/wp-json\/wp\/v2\/pages"}],"about":[{"href":"https:\/\/piscinasluxart.com\/en\/wp-json\/wp\/v2\/types\/page"}],"author":[{"embeddable":true,"href":"https:\/\/piscinasluxart.com\/en\/wp-json\/wp\/v2\/users\/1"}],"replies":[{"embeddable":true,"href":"https:\/\/piscinasluxart.com\/en\/wp-json\/wp\/v2\/comments?post=2508"}],"version-history":[{"count":4,"href":"https:\/\/piscinasluxart.com\/en\/wp-json\/wp\/v2\/pages\/2508\/revisions"}],"predecessor-version":[{"id":2938,"href":"https:\/\/piscinasluxart.com\/en\/wp-json\/wp\/v2\/pages\/2508\/revisions\/2938"}],"up":[{"embeddable":true,"href":"https:\/\/piscinasluxart.com\/en\/wp-json\/wp\/v2\/pages\/2293"}],"wp:attachment":[{"href":"https:\/\/piscinasluxart.com\/en\/wp-json\/wp\/v2\/media?parent=2508"}],"curies":[{"name":"wp","href":"https:\/\/api.w.org\/{rel}","templated":true}]}}