{"id":2397,"date":"2024-04-10T11:23:29","date_gmt":"2024-04-10T17:23:29","guid":{"rendered":"https:\/\/piscinasluxart.com\/?page_id=2397"},"modified":"2024-04-11T12:59:08","modified_gmt":"2024-04-11T18:59:08","slug":"diseno-de-piscinas","status":"publish","type":"page","link":"https:\/\/piscinasluxart.com\/en\/servicios\/diseno-de-piscinas\/","title":{"rendered":"Dise\u00f1o de piscinas"},"content":{"rendered":"","protected":false},"excerpt":{"rendered":"<p>Le brindamos nuestro servicio de asesor\u00eda en el dise\u00f1o arquitect\u00f3nico, estructural y mec\u00e1nico de sus proyectos de piscina, fuentes, espejos de agua, cascadas toboganes de agua entre otros.<\/p>","protected":false},"author":1,"featured_media":0,"parent":2293,"menu_order":0,"comment_status":"closed","ping_status":"closed","template":"template-elementor-parallax.php","meta":{"_acf_changed":false,"footnotes":""},"class_list":["post-2397","page","type-page","status-publish","hentry"],"acf":[],"_links":{"self":[{"href":"https:\/\/piscinasluxart.com\/en\/wp-json\/wp\/v2\/pages\/2397","targetHints":{"allow":["GET"]}}],"collection":[{"href":"https:\/\/piscinasluxart.com\/en\/wp-json\/wp\/v2\/pages"}],"about":[{"href":"https:\/\/piscinasluxart.com\/en\/wp-json\/wp\/v2\/types\/page"}],"author":[{"embeddable":true,"href":"https:\/\/piscinasluxart.com\/en\/wp-json\/wp\/v2\/users\/1"}],"replies":[{"embeddable":true,"href":"https:\/\/piscinasluxart.com\/en\/wp-json\/wp\/v2\/comments?post=2397"}],"version-history":[{"count":24,"href":"https:\/\/piscinasluxart.com\/en\/wp-json\/wp\/v2\/pages\/2397\/revisions"}],"predecessor-version":[{"id":2930,"href":"https:\/\/piscinasluxart.com\/en\/wp-json\/wp\/v2\/pages\/2397\/revisions\/2930"}],"up":[{"embeddable":true,"href":"https:\/\/piscinasluxart.com\/en\/wp-json\/wp\/v2\/pages\/2293"}],"wp:attachment":[{"href":"https:\/\/piscinasluxart.com\/en\/wp-json\/wp\/v2\/media?parent=2397"}],"curies":[{"name":"wp","href":"https:\/\/api.w.org\/{rel}","templated":true}]}}